{"id":362,"date":"2022-09-13T14:00:51","date_gmt":"2022-09-13T14:00:51","guid":{"rendered":"https:\/\/cmictamaulipas.org.mx\/?page_id=362"},"modified":"2023-07-09T00:29:06","modified_gmt":"2023-07-09T00:29:06","slug":"afiliacion","status":"publish","type":"page","link":"https:\/\/cmictamaulipas.org.mx\/index.php\/afiliacion\/","title":{"rendered":"Afiliacion"},"content":{"rendered":"<p>[et_pb_section fb_built=&#8221;1&#8243; fullwidth=&#8221;on&#8221; _builder_version=&#8221;4.17.6&#8243; _module_preset=&#8221;default&#8221; global_colors_info=&#8221;{}&#8221;][et_pb_fullwidth_image src=&#8221;https:\/\/cmictamaulipas.org.mx\/wp-content\/uploads\/2022\/09\/Banner_Afiliacion.jpg&#8221; title_text=&#8221;Banner_Afiliacion&#8221; _builder_version=&#8221;4.18.0&#8243; _module_preset=&#8221;default&#8221; global_colors_info=&#8221;{}&#8221;][\/et_pb_fullwidth_image][\/et_pb_section][et_pb_section fb_built=&#8221;1&#8243; _builder_version=&#8221;4.17.6&#8243; _module_preset=&#8221;default&#8221; global_colors_info=&#8221;{}&#8221;][et_pb_row column_structure=&#8221;1_3,1_3,1_3&#8243; _builder_version=&#8221;4.18.0&#8243; _module_preset=&#8221;default&#8221; global_colors_info=&#8221;{}&#8221;][et_pb_column type=&#8221;1_3&#8243; _builder_version=&#8221;4.18.0&#8243; _module_preset=&#8221;default&#8221; global_colors_info=&#8221;{}&#8221;][dsm_text_divider header=&#8221;Afiliaci\u00f3n Anual&#8221; _builder_version=&#8221;4.21.0&#8243; _module_preset=&#8221;default&#8221; hover_enabled=&#8221;0&#8243; global_colors_info=&#8221;{}&#8221; sticky_enabled=&#8221;0&#8243;][\/dsm_text_divider][et_pb_image src=&#8221;https:\/\/cmictamaulipas.org.mx\/wp-content\/uploads\/2023\/07\/AfiliacionAnual.jpg&#8221; title_text=&#8221;AfiliacionAnual&#8221; _builder_version=&#8221;4.21.0&#8243; _module_preset=&#8221;default&#8221; global_colors_info=&#8221;{}&#8221;][\/et_pb_image][et_pb_text _builder_version=&#8221;4.21.0&#8243; _module_preset=&#8221;default&#8221; hover_enabled=&#8221;0&#8243; global_colors_info=&#8221;{}&#8221; sticky_enabled=&#8221;0&#8243;]<\/p>\n<ul>\n<li><a href=\"https:\/\/cmictamaulipas.org.mx\/wp-content\/uploads\/2023\/07\/FormatoAfiliacion.pdf\" target=\"_blank\" rel=\"noopener\">Requisitos Afiliaci\u00f3n<\/a><\/li>\n<li><a href=\"https:\/\/cmictamaulipas.org.mx\/afiliacion\/moduloafiliacion2022.pdf\" target=\"_blank\" rel=\"noopener\">M\u00f3dulo de Afiliaci\u00f3n<\/a><\/li>\n<li><a href=\"https:\/\/cmictamaulipas.org.mx\/afiliacion\/FormatoDC1.docx\" target=\"_blank\" rel=\"noopener\" style=\"font-size: 14px;\">Formato DC1<\/a><\/li>\n<li><a href=\"https:\/\/cmictamaulipas.org.mx\/afiliacion\/FormatoDC2.docx\" target=\"_blank\" rel=\"noopener\">Formato DC2<\/a><\/li>\n<li><a href=\"https:\/\/cmictamaulipas.org.mx\/afiliacion\/formatosiem2022.xlsx\" target=\"_blank\" rel=\"noopener\" style=\"font-size: 14px;\">Formato SIEM\u00a0<\/a><\/li>\n<li><a href=\"https:\/\/cmictamaulipas.org.mx\/afiliacion\/comisiones_mixtas.doc\" target=\"_blank\" rel=\"noopener\" style=\"font-size: 14px;\">Formato Comisiones Mixtas<\/a><\/li>\n<li><a href=\"https:\/\/cmictamaulipas.org.mx\/afiliacion\/productos_servicios.pdf%20\" target=\"_blank\" rel=\"noopener\">Cat\u00e1logo de Productos y Servicios<\/a><\/li>\n<\/ul>\n<p>[\/et_pb_text][\/et_pb_column][et_pb_column type=&#8221;1_3&#8243; _builder_version=&#8221;4.18.0&#8243; _module_preset=&#8221;default&#8221; global_colors_info=&#8221;{}&#8221;][dsm_text_divider header=&#8221;Asociado Proveedor&#8221; _builder_version=&#8221;4.18.0&#8243; _module_preset=&#8221;default&#8221; global_colors_info=&#8221;{}&#8221;][\/dsm_text_divider][et_pb_image src=&#8221;https:\/\/cmictamaulipas.org.mx\/wp-content\/uploads\/2022\/10\/AsociadoProveedor.jpg&#8221; title_text=&#8221;AsociadoProveedor&#8221; _builder_version=&#8221;4.18.0&#8243; _module_preset=&#8221;default&#8221; global_colors_info=&#8221;{}&#8221;][\/et_pb_image][et_pb_text _builder_version=&#8221;4.18.0&#8243; _module_preset=&#8221;default&#8221; global_colors_info=&#8221;{}&#8221;]<\/p>\n<ul>\n<li><a href=\"https:\/\/cmictamaulipas.org.mx\/wp-content\/uploads\/2023\/02\/asopro2023.pdf\" target=\"_blank\" rel=\"noopener\">Presentaci\u00f3n Asociado Proveedor 2023<\/a><\/li>\n<li><a href=\"https:\/\/cmictamaulipas.org.mx\/afiliacion\/FormatoAsociadoProveedor.pdf\" target=\"_blank\" rel=\"noopener\">Requisitos Asociado Provededor<\/a><\/li>\n<li><a href=\"https:\/\/cmictamaulipas.org.mx\/afiliacion\/modulo_asociado_proveedor.pdf\" target=\"_blank\" rel=\"noopener\">M\u00f3dulo Asociado Proveedor<\/a><\/li>\n<li><a href=\"https:\/\/cmictamaulipas.org.mx\/afiliacion\/Asociado%20proveedor.pdf\" target=\"_blank\" rel=\"noopener\" style=\"font-size: 14px;\">Presentaci\u00f3n Asociado Proveedor<\/a><\/li>\n<li><a href=\"https:\/\/www.youtube.com\/watch?v=fRBRf-7FQyI&amp;feature=emb_logo\" target=\"_blank\" rel=\"noopener\" style=\"font-size: 14px;\">Conoce Construcompra<\/a><\/li>\n<\/ul>\n<p>[\/et_pb_text][\/et_pb_column][et_pb_column type=&#8221;1_3&#8243; _builder_version=&#8221;4.18.0&#8243; _module_preset=&#8221;default&#8221; global_colors_info=&#8221;{}&#8221;][dsm_text_divider header=&#8221;Asociado Estudiantil&#8221; _builder_version=&#8221;4.18.0&#8243; _module_preset=&#8221;default&#8221; global_colors_info=&#8221;{}&#8221;][\/dsm_text_divider][et_pb_image src=&#8221;https:\/\/cmictamaulipas.org.mx\/wp-content\/uploads\/2022\/10\/AsociadoEstudiantil.jpg&#8221; title_text=&#8221;AsociadoEstudiantil&#8221; _builder_version=&#8221;4.18.0&#8243; _module_preset=&#8221;default&#8221; global_colors_info=&#8221;{}&#8221;][\/et_pb_image][et_pb_text _builder_version=&#8221;4.18.0&#8243; _module_preset=&#8221;default&#8221; global_colors_info=&#8221;{}&#8221;]<\/p>\n<ul>\n<li><a href=\"https:\/\/cmictamaulipas.org.mx\/wp-content\/uploads\/2023\/02\/aest2023.pdf\" target=\"_blank\" rel=\"noopener\">Presentaci\u00f3n Asociado Estudiantil 2023<\/a><\/li>\n<li><a href=\"https:\/\/cmictamaulipas.org.mx\/afiliacion\/FormatoAsociadoEstudiantil.pdf\" target=\"_blank\" rel=\"noopener\">Requisitos Asociado Estudiantil<\/a><\/li>\n<li><a href=\"https:\/\/cmictamaulipas.org.mx\/afiliacion\/ModuloAsociadoEstudiantil.pdf\" target=\"_blank\" rel=\"noopener\">M\u00f3dulo Asociado Estudiantil\u00a0<\/a><\/li>\n<\/ul>\n<p>[\/et_pb_text][\/et_pb_column][\/et_pb_row][\/et_pb_section]<\/p>\n","protected":false},"excerpt":{"rendered":"<p><div class=\"et_pb_module dsm_text_divider dsm_text_divider_0\">\n\t\t\t\t\n\t\t\t\t\n\t\t\t\t\n\t\t\t\t\n\t\t\t\t\n\t\t\t\t\n\t\t\t\t<div class=\"et_pb_module_inner\">\n\t\t\t\t\t<div class=\"dsm-text-divider-wrapper dsm-text-divider-align-center et_pb_bg_layout_light\">\n\t\t\t\t\n\t\t\t\t\n\t\t\t\t<div class=\"dsm-text-divider-before dsm-divider\"><\/div>\n\t\t\t\t<h3 class=\"dsm-text-divider-header et_pb_module_header\"><span>Afiliaci\u00f3n Anual<\/span><\/h3>\n\t\t\t\t<div class=\"dsm-text-divider-after dsm-divider\"><\/div>\n\t\t\t<\/div>\n\t\t\t\t<\/div>\n\t\t\t<\/div> Requisitos Afiliaci\u00f3n M\u00f3dulo de Afiliaci\u00f3n Formato DC1 Formato DC2 Formato SIEM\u00a0 Formato Comisiones Mixtas Cat\u00e1logo de Productos y Servicios <div class=\"et_pb_module dsm_text_divider dsm_text_divider_1\">\n\t\t\t\t\n\t\t\t\t\n\t\t\t\t\n\t\t\t\t\n\t\t\t\t\n\t\t\t\t\n\t\t\t\t<div class=\"et_pb_module_inner\">\n\t\t\t\t\t<div class=\"dsm-text-divider-wrapper dsm-text-divider-align-center et_pb_bg_layout_light\">\n\t\t\t\t\n\t\t\t\t\n\t\t\t\t<div class=\"dsm-text-divider-before dsm-divider\"><\/div>\n\t\t\t\t<h3 class=\"dsm-text-divider-header et_pb_module_header\"><span>Asociado Proveedor<\/span><\/h3>\n\t\t\t\t<div class=\"dsm-text-divider-after dsm-divider\"><\/div>\n\t\t\t<\/div>\n\t\t\t\t<\/div>\n\t\t\t<\/div> Presentaci\u00f3n Asociado Proveedor 2023 Requisitos Asociado Provededor M\u00f3dulo Asociado Proveedor Presentaci\u00f3n Asociado Proveedor Conoce Construcompra <div class=\"et_pb_module dsm_text_divider dsm_text_divider_2\">\n\t\t\t\t\n\t\t\t\t\n\t\t\t\t\n\t\t\t\t\n\t\t\t\t\n\t\t\t\t\n\t\t\t\t<div class=\"et_pb_module_inner\">\n\t\t\t\t\t<div class=\"dsm-text-divider-wrapper dsm-text-divider-align-center et_pb_bg_layout_light\">\n\t\t\t\t\n\t\t\t\t\n\t\t\t\t<div class=\"dsm-text-divider-before dsm-divider\"><\/div>\n\t\t\t\t<h3 class=\"dsm-text-divider-header et_pb_module_header\"><span>Asociado Estudiantil<\/span><\/h3>\n\t\t\t\t<div class=\"dsm-text-divider-after dsm-divider\"><\/div>\n\t\t\t<\/div>\n\t\t\t\t<\/div>\n\t\t\t<\/div> Presentaci\u00f3n [&hellip;]<\/p>\n","protected":false},"author":1,"featured_media":0,"parent":0,"menu_order":0,"comment_status":"closed","ping_status":"closed","template":"","meta":{"_et_pb_use_builder":"on","_et_pb_old_content":"","_et_gb_content_width":"","_joinchat":[],"footnotes":""},"class_list":["post-362","page","type-page","status-publish","hentry"],"_links":{"self":[{"href":"https:\/\/cmictamaulipas.org.mx\/index.php\/wp-json\/wp\/v2\/pages\/362","targetHints":{"allow":["GET"]}}],"collection":[{"href":"https:\/\/cmictamaulipas.org.mx\/index.php\/wp-json\/wp\/v2\/pages"}],"about":[{"href":"https:\/\/cmictamaulipas.org.mx\/index.php\/wp-json\/wp\/v2\/types\/page"}],"author":[{"embeddable":true,"href":"https:\/\/cmictamaulipas.org.mx\/index.php\/wp-json\/wp\/v2\/users\/1"}],"replies":[{"embeddable":true,"href":"https:\/\/cmictamaulipas.org.mx\/index.php\/wp-json\/wp\/v2\/comments?post=362"}],"version-history":[{"count":17,"href":"https:\/\/cmictamaulipas.org.mx\/index.php\/wp-json\/wp\/v2\/pages\/362\/revisions"}],"predecessor-version":[{"id":789,"href":"https:\/\/cmictamaulipas.org.mx\/index.php\/wp-json\/wp\/v2\/pages\/362\/revisions\/789"}],"wp:attachment":[{"href":"https:\/\/cmictamaulipas.org.mx\/index.php\/wp-json\/wp\/v2\/media?parent=362"}],"curies":[{"name":"wp","href":"https:\/\/api.w.org\/{rel}","templated":true}]}}